{"id":6580,"date":"2024-09-29T15:08:49","date_gmt":"2024-09-29T15:08:49","guid":{"rendered":"https:\/\/earthcare.bcde.digital\/chinh-sach-bao-mat\/"},"modified":"2025-05-28T21:39:07","modified_gmt":"2025-05-28T21:39:07","slug":"chinh-sach-bao-mat","status":"publish","type":"page","link":"https:\/\/earthcare.foundation\/vi\/chinh-sach-bao-mat\/","title":{"rendered":"Ch\u00ednh s\u00e1ch b\u1ea3o m\u1eadt"},"content":{"rendered":"\t\t<div data-elementor-type=\"wp-page\" data-elementor-id=\"6580\" class=\"elementor elementor-6580 elementor-3953\">\n\t\t\t\t\t\t<section class=\"elementor-section elementor-top-section elementor-element elementor-element-18b0062 elementor-section-full_width elementor-section-height-min-height elementor-section-height-default elementor-section-items-middle\" data-id=\"18b0062\" data-element_type=\"section\" data-settings=\"{&quot;background_background&quot;:&quot;classic&quot;,&quot;_ha_eqh_enable&quot;:false}\">\n\t\t\t\t\t\t\t<div class=\"elementor-background-overlay\"><\/div>\n\t\t\t\t\t\t\t<div class=\"elementor-container elementor-column-gap-default\">\n\t\t\t\t\t<div class=\"elementor-column elementor-col-100 elementor-top-column elementor-element elementor-element-75c05d2\" data-id=\"75c05d2\" data-element_type=\"column\">\n\t\t\t<div class=\"elementor-widget-wrap elementor-element-populated\">\n\t\t\t\t\t\t<section class=\"elementor-section elementor-inner-section elementor-element elementor-element-e3247b1 elementor-section-boxed elementor-section-height-default elementor-section-height-default\" data-id=\"e3247b1\" data-element_type=\"section\" data-settings=\"{&quot;_ha_eqh_enable&quot;:false}\">\n\t\t\t\t\t\t<div class=\"elementor-container elementor-column-gap-default\">\n\t\t\t\t\t<div class=\"elementor-column elementor-col-50 elementor-inner-column elementor-element elementor-element-98a17c1\" data-id=\"98a17c1\" data-element_type=\"column\">\n\t\t\t<div class=\"elementor-widget-wrap elementor-element-populated\">\n\t\t\t\t\t\t<div class=\"elementor-element elementor-element-814fdd5 elementor-widget elementor-widget-heading\" data-id=\"814fdd5\" data-element_type=\"widget\" data-widget_type=\"heading.default\">\n\t\t\t\t<div class=\"elementor-widget-container\">\n\t\t\t<style>\/*! elementor - v3.23.0 - 05-08-2024 *\/\n.elementor-heading-title{padding:0;margin:0;line-height:1}.elementor-widget-heading .elementor-heading-title[class*=elementor-size-]>a{color:inherit;font-size:inherit;line-height:inherit}.elementor-widget-heading .elementor-heading-title.elementor-size-small{font-size:15px}.elementor-widget-heading .elementor-heading-title.elementor-size-medium{font-size:19px}.elementor-widget-heading .elementor-heading-title.elementor-size-large{font-size:29px}.elementor-widget-heading .elementor-heading-title.elementor-size-xl{font-size:39px}.elementor-widget-heading .elementor-heading-title.elementor-size-xxl{font-size:59px}<\/style><h2 class=\"elementor-heading-title elementor-size-default\">Ch\u00ednh s\u00e1ch b\u1ea3o m\u1eadt<\/h2>\t\t<\/div>\n\t\t\t\t<\/div>\n\t\t\t\t\t<\/div>\n\t\t<\/div>\n\t\t\t\t<div class=\"elementor-column elementor-col-50 elementor-inner-column elementor-element elementor-element-480fbcf\" data-id=\"480fbcf\" data-element_type=\"column\">\n\t\t\t<div class=\"elementor-widget-wrap\">\n\t\t\t\t\t\t\t<\/div>\n\t\t<\/div>\n\t\t\t\t\t<\/div>\n\t\t<\/section>\n\t\t\t\t\t<\/div>\n\t\t<\/div>\n\t\t\t\t\t<\/div>\n\t\t<\/section>\n\t\t\t\t<section class=\"elementor-section elementor-top-section elementor-element elementor-element-c90b5f3 elementor-section-full_width elementor-section-height-default elementor-section-height-default\" data-id=\"c90b5f3\" data-element_type=\"section\" data-settings=\"{&quot;background_background&quot;:&quot;classic&quot;,&quot;_ha_eqh_enable&quot;:false}\">\n\t\t\t\t\t\t<div class=\"elementor-container elementor-column-gap-default\">\n\t\t\t\t\t<div class=\"elementor-column elementor-col-100 elementor-top-column elementor-element elementor-element-7f544a3\" data-id=\"7f544a3\" data-element_type=\"column\">\n\t\t\t<div class=\"elementor-widget-wrap elementor-element-populated\">\n\t\t\t\t\t\t<section class=\"elementor-section elementor-inner-section elementor-element elementor-element-1f2d2d5 elementor-section-boxed elementor-section-height-default elementor-section-height-default\" data-id=\"1f2d2d5\" data-element_type=\"section\" data-settings=\"{&quot;_ha_eqh_enable&quot;:false}\">\n\t\t\t\t\t\t<div class=\"elementor-container elementor-column-gap-default\">\n\t\t\t\t\t<div class=\"elementor-column elementor-col-100 elementor-inner-column elementor-element elementor-element-eec8191\" data-id=\"eec8191\" data-element_type=\"column\">\n\t\t\t<div class=\"elementor-widget-wrap elementor-element-populated\">\n\t\t\t\t\t\t<div class=\"elementor-element elementor-element-0d2abab elementor-widget elementor-widget-heading\" data-id=\"0d2abab\" data-element_type=\"widget\" data-widget_type=\"heading.default\">\n\t\t\t\t<div class=\"elementor-widget-container\">\n\t\t\t<h2 class=\"elementor-heading-title elementor-size-default\">1 | Tuy\u00ean b\u1ed1 b\u1ea3n quy\u1ec1n<\/h2>\t\t<\/div>\n\t\t\t\t<\/div>\n\t\t\t\t<div class=\"elementor-element elementor-element-1f602e4 elementor-widget elementor-widget-heading\" data-id=\"1f602e4\" data-element_type=\"widget\" data-widget_type=\"heading.default\">\n\t\t\t\t<div class=\"elementor-widget-container\">\n\t\t\t<p class=\"elementor-heading-title elementor-size-default\">Th\u00f4ng tin \u0111\u01b0\u1ee3c cung c\u1ea5p tr\u00ean trang web n\u00e0y c\u00f3 th\u1ec3 t\u00e1i b\u1ea3n v\u00e0\/ho\u1eb7c sao ch\u00e9p, nh\u01b0ng ph\u1ea3i \u0111\u01b0\u1ee3c ch\u1ec9 ra r\u00f5 r\u00e0ng r\u1eb1ng \u0111\u00e2y l\u00e0 ngu\u1ed3n th\u00f4ng tin c\u00f4ng khai c\u1ee7a T\u1ed5 ch\u1ee9c EarthCare Foundation v\u00e0 c\u00e1c chi nh\u00e1nh c\u1ee7a t\u1ed5 ch\u1ee9c (sau \u0111\u00e2y g\u1ecdi chung l\u00e0 \u201cECF\u201d) v\u00e0 vi\u1ec7c t\u00e1i b\u1ea3n v\u00e0\/ho\u1eb7c sao ch\u00e9p ch\u1ec9 \u0111\u01b0\u1ee3c s\u1eed d\u1ee5ng cho \u00fd \u0111\u1ed3 ho\u1eb7c m\u1ee5c \u0111\u00edch phi th\u01b0\u01a1ng m\u1ea1i. Tr\u1eeb khi \u0111\u01b0\u1ee3c ECF cho ph\u00e9p tr\u01b0\u1edbc b\u1eb1ng v\u0103n b\u1ea3n, m\u1ecdi ho\u1ea1t \u0111\u1ed9ng sao ch\u00e9p, \u0111i\u1ec1u ch\u1ec9nh, ph\u00e2n ph\u1ed1i v\u00e0\/ho\u1eb7c \u0111\u0103ng l\u1ea1i th\u00f4ng tin c\u00f4ng khai c\u1ee7a ECF cho m\u1ee5c \u0111\u00edch th\u01b0\u01a1ng m\u1ea1i (d\u00f9 ch\u1ec9nh s\u1eeda hay c\u00e1ch kh\u00e1c) \u0111\u1ec1u b\u1ecb nghi\u00eam c\u1ea5m, ECF c\u00f3 quy\u1ec1n h\u1ea1n tuy\u1ec7t \u0111\u1ed1i v\u00e0 duy nh\u1ea5t t\u1eeb ch\u1ed1i nh\u1eefng h\u00e0nh \u0111\u1ed9ng n\u00e0y.  <\/p>\t\t<\/div>\n\t\t\t\t<\/div>\n\t\t\t\t<div class=\"elementor-element elementor-element-c156d80 elementor-widget elementor-widget-heading\" data-id=\"c156d80\" data-element_type=\"widget\" data-widget_type=\"heading.default\">\n\t\t\t\t<div class=\"elementor-widget-container\">\n\t\t\t<p class=\"elementor-heading-title elementor-size-default\">ECF s\u1ebd kh\u00f4ng ch\u1ecbu tr\u00e1ch nhi\u1ec7m v\u1ec1 b\u1ea5t k\u1ef3 t\u1ed5n th\u1ea5t ho\u1eb7c thi\u1ec7t h\u1ea1i n\u00e0o ph\u00e1t sinh t\u1eeb vi\u1ec7c sao ch\u00e9p v\u00e0\/ho\u1eb7c t\u00e1i b\u1ea3n th\u00f4ng tin c\u00f4ng khai c\u1ee7a ECF theo b\u1ea5t k\u1ef3 h\u00ecnh th\u1ee9c n\u00e0o, ngay c\u1ea3 khi \u0111\u01b0\u1ee3c ECF c\u00f4ng nh\u1eadn v\u00e0\/ho\u1eb7c nh\u1eadn \u0111\u01b0\u1ee3c s\u1ef1 \u0111\u1ed3ng \u00fd tr\u01b0\u1edbc b\u1eb1ng v\u0103n b\u1ea3n c\u1ee7a ECF.<\/p>\t\t<\/div>\n\t\t\t\t<\/div>\n\t\t\t\t\t<\/div>\n\t\t<\/div>\n\t\t\t\t\t<\/div>\n\t\t<\/section>\n\t\t\t\t<section class=\"elementor-section elementor-inner-section elementor-element elementor-element-92ad942 elementor-section-boxed elementor-section-height-default elementor-section-height-default\" data-id=\"92ad942\" data-element_type=\"section\" data-settings=\"{&quot;_ha_eqh_enable&quot;:false}\">\n\t\t\t\t\t\t<div class=\"elementor-container elementor-column-gap-default\">\n\t\t\t\t\t<div class=\"elementor-column elementor-col-100 elementor-inner-column elementor-element elementor-element-361b30b\" data-id=\"361b30b\" data-element_type=\"column\">\n\t\t\t<div class=\"elementor-widget-wrap elementor-element-populated\">\n\t\t\t\t\t\t<div class=\"elementor-element elementor-element-b230ac8 elementor-widget elementor-widget-heading\" data-id=\"b230ac8\" data-element_type=\"widget\" data-widget_type=\"heading.default\">\n\t\t\t\t<div class=\"elementor-widget-container\">\n\t\t\t<h2 class=\"elementor-heading-title elementor-size-default\">2 | Tuy\u00ean b\u1ed1 mi\u1ec5n tr\u1eeb tr\u00e1ch nhi\u1ec7m<\/h2>\t\t<\/div>\n\t\t\t\t<\/div>\n\t\t\t\t<div class=\"elementor-element elementor-element-3631216 elementor-widget elementor-widget-heading\" data-id=\"3631216\" data-element_type=\"widget\" data-widget_type=\"heading.default\">\n\t\t\t\t<div class=\"elementor-widget-container\">\n\t\t\t<p class=\"elementor-heading-title elementor-size-default\">Th\u00f4ng tin c\u00f4ng khai c\u1ee7a ECF \u0111\u01b0\u1ee3c cung c\u1ea5p \u201cnguy\u00ean tr\u1ea1ng\u201d v\u00e0 ch\u1ec9 \u0111\u01b0\u1ee3c s\u1eed d\u1ee5ng cho m\u1ee5c \u0111\u00edch tham kh\u1ea3o v\u00e0 th\u00f4ng tin chung. T\u1ea5t c\u1ea3 c\u00e1c th\u00f4ng tin c\u00f4ng khai c\u1ee7a ECF kh\u00f4ng nh\u1eb1m m\u1ee5c \u0111\u00edch v\u00e0 kh\u00f4ng n\u00ean \u0111\u01b0\u1ee3c hi\u1ec3u l\u00e0 t\u01b0 v\u1ea5n \u0111\u1ea7u t\u01b0. H\u01a1n n\u1eefa, ECF kh\u00f4ng \u0111\u1ea3m b\u1ea3o ho\u1eb7c \u0111\u1ea1i di\u1ec7n cho t\u00ednh \u0111\u1ea7y \u0111\u1ee7 v\u00e0 ch\u00ednh x\u00e1c c\u1ee7a th\u00f4ng tin c\u00f4ng khai c\u1ee7a ECF, c\u0169ng nh\u01b0 kh\u00f4ng \u0111\u1ea3m b\u1ea3o r\u1eb1ng nh\u1eefng th\u00f4ng tin c\u00f4ng khai c\u1ee7a ECF \u0111\u01b0\u1ee3c c\u1eadp nh\u1eadt.      <\/p>\t\t<\/div>\n\t\t\t\t<\/div>\n\t\t\t\t<div class=\"elementor-element elementor-element-e2f7d22 elementor-widget elementor-widget-heading\" data-id=\"e2f7d22\" data-element_type=\"widget\" data-widget_type=\"heading.default\">\n\t\t\t\t<div class=\"elementor-widget-container\">\n\t\t\t<p class=\"elementor-heading-title elementor-size-default\">Do \u0111\u00f3, ECF kh\u00f4ng ch\u1ecbu tr\u00e1ch nhi\u1ec7m cho b\u1ea5t k\u1ef3 t\u1ed5n th\u1ea5t ho\u1eb7c thi\u1ec7t h\u1ea1i n\u00e0o ph\u00e1t sinh t\u1eeb vi\u1ec7c s\u1eed d\u1ee5ng ho\u1eb7c truy c\u1eadp trang web n\u00e0y v\u00e0\/ho\u1eb7c th\u00f4ng tin c\u00f4ng c\u1ed9ng c\u1ee7a ECF, ho\u1eb7c d\u1ef1a v\u00e0o n\u1ed9i dung c\u1ee7a trang web n\u00e0y ho\u1eb7c b\u1ea5t k\u1ef3 trang web n\u00e0o c\u1ee7a b\u00ean th\u1ee9 ba \u0111\u01b0\u1ee3c truy c\u1eadp th\u00f4ng qua trang web n\u00e0y. <\/p>\t\t<\/div>\n\t\t\t\t<\/div>\n\t\t\t\t<div class=\"elementor-element elementor-element-ae01ba3 elementor-widget elementor-widget-heading\" data-id=\"ae01ba3\" data-element_type=\"widget\" data-widget_type=\"heading.default\">\n\t\t\t\t<div class=\"elementor-widget-container\">\n\t\t\t<p class=\"elementor-heading-title elementor-size-default\">Ngo\u00e0i ra, kh\u00f4ng c\u00f3 \u0111\u1ea3m b\u1ea3o n\u00e0o v\u1ec1 vi\u1ec7c kh\u00f4ng vi ph\u1ea1m, b\u1ea3o m\u1eadt, ph\u00f9 h\u1ee3p ho\u1eb7c kh\u00f4ng c\u00f3 virus m\u00e1y t\u00ednh \u0111\u01b0\u1ee3c cung c\u1ea5p cho trang web n\u00e0y, th\u00f4ng tin c\u00f4ng khai ECF v\u00e0\/ho\u1eb7c b\u1ea5t k\u1ef3 trang web n\u00e0o kh\u00e1c \u0111\u01b0\u1ee3c li\u00ean k\u1ebft ho\u1eb7c truy c\u1eadp th\u00f4ng qua trang web n\u00e0y.<\/p>\t\t<\/div>\n\t\t\t\t<\/div>\n\t\t\t\t<div class=\"elementor-element elementor-element-0653b87 elementor-widget elementor-widget-heading\" data-id=\"0653b87\" data-element_type=\"widget\" data-widget_type=\"heading.default\">\n\t\t\t\t<div class=\"elementor-widget-container\">\n\t\t\t<p class=\"elementor-heading-title elementor-size-default\">ECF c\u00f3 quy\u1ec1n x\u00f3a, \u0111\u00ecnh ch\u1ec9 ho\u1eb7c ch\u1ec9nh s\u1eeda t\u1ea5t c\u1ea3 th\u00f4ng tin tr\u00ean trang web n\u00e0y (cho d\u00f9 \u0111\u00f3 l\u00e0 th\u00f4ng tin c\u00f4ng khai c\u1ee7a ECF ho\u1eb7c th\u00f4ng tin kh\u00e1c) b\u1ea5t c\u1ee9 l\u00fac n\u00e0o theo quy\u1ebft \u0111\u1ecbnh ri\u00eang c\u1ee7a m\u00ecnh m\u00e0 kh\u00f4ng c\u1ea7n \u0111\u01b0a ra b\u1ea5t k\u1ef3 l\u00fd do n\u00e0o.<\/p>\t\t<\/div>\n\t\t\t\t<\/div>\n\t\t\t\t<div class=\"elementor-element elementor-element-ffc1234 elementor-widget elementor-widget-heading\" data-id=\"ffc1234\" data-element_type=\"widget\" data-widget_type=\"heading.default\">\n\t\t\t\t<div class=\"elementor-widget-container\">\n\t\t\t<p class=\"elementor-heading-title elementor-size-default\">Ng\u01b0\u1eddi d\u00f9ng (nh\u01b0 \u0111\u01b0\u1ee3c \u0111\u1ecbnh ngh\u0129a b\u00ean d\u01b0\u1edbi) c\u00f3 tr\u00e1ch nhi\u1ec7m t\u1ef1 \u0111\u00e1nh gi\u00e1 t\u1ea5t c\u1ea3 th\u00f4ng tin c\u00f3 trong ho\u1eb7c li\u00ean quan \u0111\u1ebfn trang web n\u00e0y (cho d\u00f9 \u0111\u00f3 l\u00e0 th\u00f4ng tin c\u00f4ng khai ho\u1eb7c th\u00f4ng tin kh\u00e1c c\u1ee7a ECF) v\u00e0 \u0111\u01b0\u1ee3c khuy\u1ebfn ngh\u1ecb x\u00e1c minh th\u00f4ng tin n\u00e0y b\u1eb1ng c\u00e1ch tham kh\u1ea3o ngu\u1ed3n g\u1ed1c c\u1ee7a n\u00f3 v\u00e0 nh\u1eadn \u0111\u01b0\u1ee3c l\u1eddi khuy\u00ean \u0111\u1ed9c l\u1eadp tr\u01b0\u1edbc khi h\u00e0nh \u0111\u1ed9ng d\u1ef1a tr\u00ean th\u00f4ng tin \u0111\u00f3.<\/p>\t\t<\/div>\n\t\t\t\t<\/div>\n\t\t\t\t<div class=\"elementor-element elementor-element-e39837e elementor-widget elementor-widget-heading\" data-id=\"e39837e\" data-element_type=\"widget\" data-widget_type=\"heading.default\">\n\t\t\t\t<div class=\"elementor-widget-container\">\n\t\t\t<p class=\"elementor-heading-title elementor-size-default\">N\u1ebfu c\u00f3 b\u1ea5t c\u1ee9 \u0111i\u1ec1u g\u00ec kh\u00f4ng nh\u1ea5t tr\u00ed ho\u1eb7c kh\u00f4ng r\u00f5 r\u00e0ng gi\u1eefa phi\u00ean b\u1ea3n ti\u1ebfng Vi\u1ec7t v\u00e0 phi\u00ean b\u1ea3n ti\u1ebfng Trung, t\u1ea5t c\u1ea3 \u0111\u1ec1u l\u1ea5y phi\u00ean b\u1ea3n ti\u1ebfng Trung l\u00e0m chu\u1ea9n.<\/p>\t\t<\/div>\n\t\t\t\t<\/div>\n\t\t\t\t\t<\/div>\n\t\t<\/div>\n\t\t\t\t\t<\/div>\n\t\t<\/section>\n\t\t\t\t<section class=\"elementor-section elementor-inner-section elementor-element elementor-element-75e3e69 elementor-section-boxed elementor-section-height-default elementor-section-height-default\" data-id=\"75e3e69\" data-element_type=\"section\" data-settings=\"{&quot;_ha_eqh_enable&quot;:false}\">\n\t\t\t\t\t\t<div class=\"elementor-container elementor-column-gap-default\">\n\t\t\t\t\t<div class=\"elementor-column elementor-col-100 elementor-inner-column elementor-element elementor-element-2ade24b\" data-id=\"2ade24b\" data-element_type=\"column\">\n\t\t\t<div class=\"elementor-widget-wrap elementor-element-populated\">\n\t\t\t\t\t\t<div class=\"elementor-element elementor-element-135d669 elementor-widget elementor-widget-heading\" data-id=\"135d669\" data-element_type=\"widget\" data-widget_type=\"heading.default\">\n\t\t\t\t<div class=\"elementor-widget-container\">\n\t\t\t<h2 class=\"elementor-heading-title elementor-size-default\">3 | Tuy\u00ean b\u1ed1 ch\u00ednh s\u00e1ch b\u1ea3o m\u1eadt<\/h2>\t\t<\/div>\n\t\t\t\t<\/div>\n\t\t\t\t<div class=\"elementor-element elementor-element-ce55b1e elementor-widget elementor-widget-heading\" data-id=\"ce55b1e\" data-element_type=\"widget\" data-widget_type=\"heading.default\">\n\t\t\t\t<div class=\"elementor-widget-container\">\n\t\t\t<p class=\"elementor-heading-title elementor-size-default\">Ch\u00ednh s\u00e1ch c\u1ee7a ECF l\u00e0 tu\u00e2n th\u1ee7 Quy \u0111\u1ecbnh v\u1ec1 D\u1eef li\u1ec7u C\u00e1 nh\u00e2n (Quy\u1ec1n ri\u00eang t\u01b0) theo Ch\u01b0\u01a1ng 486 c\u1ee7a Lu\u1eadt \u0110\u1eb7c khu H\u00e0nh ch\u00ednh H\u1ed3ng K\u00f4ng. Ch\u00fang t\u00f4i c\u0169ng c\u1ed1 g\u1eafng \u0111\u1ea3m b\u1ea3o r\u1eb1ng nh\u00e2n vi\u00ean c\u1ee7a ch\u00fang t\u00f4i tu\u00e2n th\u1ee7 c\u00e1c ti\u00eau chu\u1ea9n an to\u00e0n v\u00e0 b\u1ea3o m\u1eadt nghi\u00eam ng\u1eb7t v\u00e0 h\u1ee3p l\u00fd.    <br><br> Ch\u00fang t\u00f4i t\u00f4n tr\u1ecdng quy\u1ec1n c\u1ee7a b\u1ea1n v\u00e0 s\u1ebd c\u1ed1 g\u1eafng h\u1ebft s\u1ee9c \u0111\u1ec3 b\u1ea3o v\u1ec7 c\u00e1c th\u00f4ng tin \u0111\u01b0\u1ee3c cung c\u1ea5p b\u1edfi Ng\u01b0\u1eddi d\u00f9ng Trang web (\u201cNg\u01b0\u1eddi d\u00f9ng\u201d ho\u1eb7c \u201cNg\u01b0\u1eddi S\u1eed D\u1ee5ng\u201d).   <\/p>\t\t<\/div>\n\t\t\t\t<\/div>\n\t\t\t\t<div class=\"elementor-element elementor-element-57316d8 elementor-widget elementor-widget-heading\" data-id=\"57316d8\" data-element_type=\"widget\" data-widget_type=\"heading.default\">\n\t\t\t\t<div class=\"elementor-widget-container\">\n\t\t\t<p class=\"elementor-heading-title elementor-size-default\">ECF s\u1ebd ghi l\u1ea1i c\u00e1c l\u01b0\u1ee3t truy c\u1eadp v\u00e0o trang web c\u1ee7a ch\u00fang t\u00f4i nh\u01b0ng kh\u00f4ng thu th\u1eadp b\u1ea5t k\u1ef3 d\u1eef li\u1ec7u c\u00e1 nh\u00e2n n\u00e0o c\u1ee7a ng\u01b0\u1eddi d\u00f9ng. Nh\u1eefng th\u00f4ng tin chung n\u00e0y \u0111\u01b0\u1ee3c thu th\u1eadp ch\u1ec9 nh\u1eb1m m\u1ee5c \u0111\u00edch t\u1ed5ng h\u1ee3p c\u00e1c b\u00e1o c\u00e1o th\u1ed1ng k\u00ea v\u1ec1 vi\u1ec7c s\u1eed d\u1ee5ng trang web c\u1ee7a ch\u00fang t\u00f4i ho\u1eb7c d\u00f9ng c\u00e1c ph\u01b0\u01a1ng th\u1ee9c kh\u00e1c v\u00e0\/ ho\u1eb7c ch\u1ea9n \u0111o\u00e1n c\u00e1c v\u1ea5n \u0111\u1ec1 li\u00ean quan \u0111\u1ebfn h\u1ec7 th\u1ed1ng m\u00e1y t\u00ednh \u0111\u1ec3 gi\u00fap c\u1ea3i thi\u1ec7n trang web c\u1ee7a ch\u00fang t\u00f4i.<\/p>\t\t<\/div>\n\t\t\t\t<\/div>\n\t\t\t\t<div class=\"elementor-element elementor-element-f20cc74 elementor-widget elementor-widget-heading\" data-id=\"f20cc74\" data-element_type=\"widget\" data-widget_type=\"heading.default\">\n\t\t\t\t<div class=\"elementor-widget-container\">\n\t\t\t<p class=\"elementor-heading-title elementor-size-default\">Ngo\u1ea1i l\u1ec7 duy nh\u1ea5t l\u00e0 d\u1eef li\u1ec7u c\u00e1 nh\u00e2n ng\u01b0\u1eddi d\u00f9ng c\u00f3 th\u1ec3 \u0111\u01b0\u1ee3c thu th\u1eadp khi ng\u01b0\u1eddi d\u00f9ng ph\u1ea3n h\u1ed3i y\u00eau c\u1ea7u cung c\u1ea5p th\u00f4ng tin. M\u1eb7c d\u00f9 \u0111\u1ecba ch\u1ec9 IP c\u1ee7a m\u00e1y t\u00ednh truy c\u1eadp trang web c\u1ee7a ch\u00fang t\u00f4i c\u00f3 th\u1ec3 \u0111\u01b0\u1ee3c ghi l\u1ea1i nh\u01b0ng v\u1edbi b\u1ea5t k\u1ef3 ng\u01b0\u1eddi d\u00f9ng n\u00e0o truy c\u1eadp trang web c\u1ee7a ch\u00fang t\u00f4i, ch\u00fang t\u00f4i \u0111\u1ec1u kh\u00f4ng thu th\u1eadp b\u1ea5t k\u1ef3 th\u00f4ng tin nh\u1eadn d\u1ea1ng c\u00e1 nh\u00e2n n\u00e0o,c\u0169ng kh\u00f4ng thu th\u1eadp b\u1ea5t k\u1ef3 d\u1eef li\u1ec7u c\u00e1 nh\u00e2n n\u00e0o.<\/p>\t\t<\/div>\n\t\t\t\t<\/div>\n\t\t\t\t<div class=\"elementor-element elementor-element-3530bc5 elementor-widget elementor-widget-heading\" data-id=\"3530bc5\" data-element_type=\"widget\" data-widget_type=\"heading.default\">\n\t\t\t\t<div class=\"elementor-widget-container\">\n\t\t\t<p class=\"elementor-heading-title elementor-size-default\">Nh\u1eefng th\u00f4ng tin n\u00e0y ch\u1ec9 \u0111\u01b0\u1ee3c s\u1eed d\u1ee5ng \u0111\u1ec3 bi\u00ean so\u1ea1n vi\u1ec7c s\u1eed d\u1ee5ng th\u1ed1ng k\u00ea chung c\u1ee7a trang web c\u1ee7a ch\u00fang t\u00f4i. ECF s\u1ebd kh\u00f4ng ti\u1ebft l\u1ed9 b\u1ea5t k\u1ef3 th\u00f4ng tin c\u00e1 nh\u00e2n n\u00e0o c\u1ee7a ng\u01b0\u1eddi d\u00f9ng cho b\u1ea5t k\u1ef3 b\u00ean th\u1ee9 ba n\u00e0o m\u00e0 kh\u00f4ng c\u00f3 s\u1ef1 \u0111\u1ed3ng \u00fd tr\u01b0\u1edbc c\u1ee7a ng\u01b0\u1eddi d\u00f9ng \u0111\u00f3 tr\u1eeb khi \u0111\u01b0\u1ee3c ph\u00e9p ho\u1eb7c theo y\u00eau c\u1ea7u c\u1ee7a ph\u00e1p lu\u1eadt. Ng\u01b0\u1eddi d\u00f9ng c\u00f3 b\u1ea5t k\u1ef3 c\u00e2u h\u1ecfi n\u00e0o v\u1ec1 ch\u00ednh s\u00e1ch b\u1ea3o m\u1eadt v\u00e0 th\u00f4ng l\u1ec7 c\u1ee7a ch\u00fang t\u00f4i, xin vui l\u00f2ng li\u00ean h\u1ec7 admin@earthcare.foundation.<\/p>\t\t<\/div>\n\t\t\t\t<\/div>\n\t\t\t\t<div class=\"elementor-element elementor-element-34618e2 elementor-widget elementor-widget-heading\" data-id=\"34618e2\" data-element_type=\"widget\" data-widget_type=\"heading.default\">\n\t\t\t\t<div class=\"elementor-widget-container\">\n\t\t\t<p class=\"elementor-heading-title elementor-size-default\">Th\u00f4ng tin n\u00e0y ch\u1ec9 \u0111\u01b0\u1ee3c s\u1eed d\u1ee5ng \u0111\u1ec3 bi\u00ean so\u1ea1n vi\u1ec7c s\u1eed d\u1ee5ng th\u1ed1ng k\u00ea chung c\u1ee7a trang web c\u1ee7a ch\u00fang t\u00f4i. ECF s\u1ebd kh\u00f4ng ti\u1ebft l\u1ed9 b\u1ea5t k\u1ef3 th\u00f4ng tin c\u00e1 nh\u00e2n n\u00e0o c\u1ee7a ng\u01b0\u1eddi d\u00f9ng cho b\u1ea5t k\u1ef3 b\u00ean th\u1ee9 ba n\u00e0o m\u00e0 kh\u00f4ng c\u00f3 s\u1ef1 \u0111\u1ed3ng \u00fd tr\u01b0\u1edbc c\u1ee7a ng\u01b0\u1eddi d\u00f9ng \u0111\u00f3 tr\u1eeb khi \u0111\u01b0\u1ee3c ph\u00e9p ho\u1eb7c theo y\u00eau c\u1ea7u c\u1ee7a ph\u00e1p lu\u1eadt. Ng\u01b0\u1eddi d\u00f9ng c\u00f3 b\u1ea5t k\u1ef3 c\u00e2u h\u1ecfi n\u00e0o v\u1ec1 ch\u00ednh s\u00e1ch b\u1ea3o m\u1eadt v\u00e0 th\u1ef1c ti\u1ec5n c\u1ee7a ch\u00fang t\u00f4i c\u00f3 th\u1ec3 li\u00ean h\u1ec7 v\u1edbi ch\u00fang t\u00f4i th\u00f4ng qua admin@earthcare.foundation.<\/p>\t\t<\/div>\n\t\t\t\t<\/div>\n\t\t\t\t\t<\/div>\n\t\t<\/div>\n\t\t\t\t\t<\/div>\n\t\t<\/section>\n\t\t\t\t\t<\/div>\n\t\t<\/div>\n\t\t\t\t\t<\/div>\n\t\t<\/section>\n\t\t\t\t<\/div>\n\t\t","protected":false},"excerpt":{"rendered":"<p>Ch\u00ednh s\u00e1ch b\u1ea3o m\u1eadt 1 | Tuy\u00ean b\u1ed1 b\u1ea3n quy\u1ec1n Th\u00f4ng tin \u0111\u01b0\u1ee3c cung c\u1ea5p tr\u00ean trang web n\u00e0y c\u00f3 [&hellip;]<\/p>\n","protected":false},"author":1,"featured_media":0,"parent":0,"menu_order":0,"comment_status":"closed","ping_status":"closed","template":"elementor_header_footer","meta":{"_acf_changed":false,"site-sidebar-layout":"no-sidebar","site-content-layout":"","ast-site-content-layout":"full-width-container","site-content-style":"default","site-sidebar-style":"default","ast-global-header-display":"","ast-banner-title-visibility":"","ast-main-header-display":"","ast-hfb-above-header-display":"","ast-hfb-below-header-display":"","ast-hfb-mobile-header-display":"","site-post-title":"disabled","ast-breadcrumbs-content":"","ast-featured-img":"disabled","footer-sml-layout":"","theme-transparent-header-meta":"","adv-header-id-meta":"","stick-header-meta":"","header-above-stick-meta":"","header-main-stick-meta":"","header-below-stick-meta":"","astra-migrate-meta-layouts":"default","ast-page-background-enabled":"default","ast-page-background-meta":{"desktop":{"background-color":"var(--ast-global-color-4)","background-image":"","background-repeat":"repeat","background-position":"center center","background-size":"auto","background-attachment":"scroll","background-type":"","background-media":"","overlay-type":"","overlay-color":"","overlay-opacity":"","overlay-gradient":""},"tablet":{"background-color":"","background-image":"","background-repeat":"repeat","background-position":"center center","background-size":"auto","background-attachment":"scroll","background-type":"","background-media":"","overlay-type":"","overlay-color":"","overlay-opacity":"","overlay-gradient":""},"mobile":{"background-color":"","background-image":"","background-repeat":"repeat","background-position":"center center","background-size":"auto","background-attachment":"scroll","background-type":"","background-media":"","overlay-type":"","overlay-color":"","overlay-opacity":"","overlay-gradient":""}},"ast-content-background-meta":{"desktop":{"background-color":"var(--ast-global-color-5)","background-image":"","background-repeat":"repeat","background-position":"center center","background-size":"auto","background-attachment":"scroll","background-type":"","background-media":"","overlay-type":"","overlay-color":"","overlay-opacity":"","overlay-gradient":""},"tablet":{"background-color":"var(--ast-global-color-5)","background-image":"","background-repeat":"repeat","background-position":"center center","background-size":"auto","background-attachment":"scroll","background-type":"","background-media":"","overlay-type":"","overlay-color":"","overlay-opacity":"","overlay-gradient":""},"mobile":{"background-color":"var(--ast-global-color-5)","background-image":"","background-repeat":"repeat","background-position":"center center","background-size":"auto","background-attachment":"scroll","background-type":"","background-media":"","overlay-type":"","overlay-color":"","overlay-opacity":"","overlay-gradient":""}},"footnotes":""},"class_list":["post-6580","page","type-page","status-publish","hentry"],"acf":[],"_links":{"self":[{"href":"https:\/\/earthcare.foundation\/vi\/wp-json\/wp\/v2\/pages\/6580","targetHints":{"allow":["GET"]}}],"collection":[{"href":"https:\/\/earthcare.foundation\/vi\/wp-json\/wp\/v2\/pages"}],"about":[{"href":"https:\/\/earthcare.foundation\/vi\/wp-json\/wp\/v2\/types\/page"}],"author":[{"embeddable":true,"href":"https:\/\/earthcare.foundation\/vi\/wp-json\/wp\/v2\/users\/1"}],"replies":[{"embeddable":true,"href":"https:\/\/earthcare.foundation\/vi\/wp-json\/wp\/v2\/comments?post=6580"}],"version-history":[{"count":10,"href":"https:\/\/earthcare.foundation\/vi\/wp-json\/wp\/v2\/pages\/6580\/revisions"}],"predecessor-version":[{"id":7032,"href":"https:\/\/earthcare.foundation\/vi\/wp-json\/wp\/v2\/pages\/6580\/revisions\/7032"}],"wp:attachment":[{"href":"https:\/\/earthcare.foundation\/vi\/wp-json\/wp\/v2\/media?parent=6580"}],"curies":[{"name":"wp","href":"https:\/\/api.w.org\/{rel}","templated":true}]}}